{"id":3,"date":"2025-03-07T16:30:04","date_gmt":"2025-03-07T16:30:04","guid":{"rendered":"http:\/\/buddypacer.com\/\/?page_id=3"},"modified":"2025-10-13T09:20:02","modified_gmt":"2025-10-13T09:20:02","slug":"datenschutzrichtlinie","status":"publish","type":"page","link":"https:\/\/buddypacer.com\/de\/datenschutzrichtlinie\/","title":{"rendered":"Datenschutzrichtlinie"},"content":{"rendered":"<div data-elementor-type=\"wp-page\" data-elementor-id=\"3\" class=\"elementor elementor-3\" data-elementor-post-type=\"page\">\n\t\t\t\t\t\t<section class=\"elementor-section elementor-top-section elementor-element elementor-element-4c37d301 elementor-section-boxed elementor-section-height-default elementor-section-height-default\" data-id=\"4c37d301\" data-element_type=\"section\" data-e-type=\"section\">\n\t\t\t\t\t\t<div class=\"elementor-container elementor-column-gap-default\">\n\t\t\t\t\t<div class=\"elementor-column elementor-col-100 elementor-top-column elementor-element elementor-element-43ff3471\" data-id=\"43ff3471\" data-element_type=\"column\" data-e-type=\"column\">\n\t\t\t<div class=\"elementor-widget-wrap elementor-element-populated\">\n\t\t\t\t\t\t<div class=\"elementor-element elementor-element-44e6ed0 elementor-widget elementor-widget-heading\" data-id=\"44e6ed0\" data-element_type=\"widget\" data-e-type=\"widget\" data-widget_type=\"heading.default\">\n\t\t\t\t<div class=\"elementor-widget-container\">\n\t\t\t\t\t<h1 class=\"elementor-heading-title elementor-size-default\">Datenschutzrichtlinie<\/h1>\t\t\t\t<\/div>\n\t\t\t\t<\/div>\n\t\t\t\t<div class=\"elementor-element elementor-element-5f4da34e elementor-widget elementor-widget-text-editor\" data-id=\"5f4da34e\" data-element_type=\"widget\" data-e-type=\"widget\" data-widget_type=\"text-editor.default\">\n\t\t\t\t<div class=\"elementor-widget-container\">\n\t\t\t\t\t\t\t\t\t<p>Bei der Nutzung der Buddy-Pacer-App, der Websites und anderer digitaler Services (z. B. Gewinnspiele oder Umfragen) (zusammenfassend die \u201eServices\u201c) werden bestimmte Informationen des Nutzers erhoben. Au\u00dferdem ist es \u00fcber die App oder die Website von Buddy Pacer m\u00f6glich, Informationen mit anderen Nutzern zu teilen, etwa mit Freunden, Clubs und Kontakten (im Folgenden \u201eNutzer\u201c). In bestimmten F\u00e4llen kann es erforderlich sein, diese Informationen zu teilen.<\/p><p>\u00a0<\/p><p>Bei Buddy Pacer hat der Schutz der Privatsph\u00e4re des Nutzers h\u00f6chste Priorit\u00e4t. Er ist eines der zentralen Prinzipien bei der Gestaltung und Entwicklung der angebotenen Services und Funktionen und gew\u00e4hrleistet so Sicherheit und Vertrauen.<\/p><p>\u00a0<\/p><p>Durch die Nutzung der App akzeptiert der Nutzer die in dieser Datenschutzerkl\u00e4rung beschriebenen Praktiken.<\/p><p>\u00a0<\/p><p>Der erste Schritt besteht darin zu wissen, welche Informationen erhoben werden, warum sie erhoben werden, wie sie genutzt werden und welche Optionen in Bezug auf diese Informationen zur Verf\u00fcgung stehen.<\/p><p>\u00a0<\/p><p><span style=\"color: #ffffff;\"><strong style=\"background-color: transparent; font-family: var( --e-global-typography-text-font-family ), Sans-serif;\">Verantwortung<\/strong><\/span><\/p><p>Verantwortlicher f\u00fcr die Datenverarbeitung ist Buddy Pacer, S.L., eine ordnungsgem\u00e4\u00df gegr\u00fcndete und nach den Gesetzen des K\u00f6nigreichs Spanien bestehende Gesellschaft mit Sitz in Calle Poeta Joan Maragall 49, 10\u00baD, Madrid, Inhaberin der Anwendung Buddy Pacer (im Folgenden die \u201eApp\u201c oder \u201eBuddy Pacer\u201c).<\/p><p>\u00a0<\/p><p><span style=\"color: #ffffff;\"><strong style=\"background-color: transparent; font-family: var( --e-global-typography-text-font-family ), Sans-serif;\">App-Umgebung<\/strong><\/span><\/p><p>Diese Datenschutzerkl\u00e4rung gilt f\u00fcr Websites, Apps, Events und andere Services, die unter der Marke Buddy Pacer bereitgestellt werden. Zur Vereinfachung werden in dieser Datenschutzerkl\u00e4rung alle diese Angebote als \u201eServices\u201c bezeichnet. Zur Klarstellung: Alle relevanten Services enthalten Links zu dieser Datenschutzerkl\u00e4rung.<\/p><p>\u00a0<\/p><p>F\u00fcr einige Services kann eine spezifische Datenschutzerkl\u00e4rung erforderlich sein. In solchen F\u00e4llen hat diese Erkl\u00e4rung Vorrang vor der hier beschriebenen.<\/p><p>\u00a0<\/p><p><span style=\"color: #ffffff;\"><strong style=\"background-color: transparent; font-family: var( --e-global-typography-text-font-family ), Sans-serif;\">Erhobene Informationen<\/strong><\/span><\/p><p>Personenbezogene Daten werden auf Grundlage einer oder mehrerer der folgenden Rechtsgrundlagen verarbeitet:<\/p><ul><li>Zur Erf\u00fcllung einer rechtlichen Verpflichtung.<\/li><li>Zur Durchf\u00fchrung und Erf\u00fcllung eines Vertrags oder zur Anwendung vorvertraglicher Ma\u00dfnahmen, die f\u00fcr die Bereitstellung der Services erforderlich sind.<\/li><li>Zur Wahrung \u00fcberwiegender berechtigter Interessen des Verantwortlichen.<\/li><li>Wenn der Nutzer seine Einwilligung erteilt hat, die jederzeit widerrufen werden kann.<\/li><\/ul><p><strong>\u00a0<\/strong><\/p><p><strong>Zweck und Verwendung der Daten<\/strong><\/p><p>Die Erhebung personenbezogener Daten dient in erster Linie dazu, die angebotenen Services zu verbessern und ihre Nutzung zu optimieren. Insbesondere k\u00f6nnen die Daten verwendet werden, um:<\/p><ul><li>Empfehlungen zu Profilen oder Clubs auszusprechen, die f\u00fcr den Nutzer von Interesse sein k\u00f6nnten.<\/li><li>Erstellte Gruppen, Marktforschung und Umfragen zu verwalten.<\/li><li>Interaktionen mit dem Kundensupport-Team zu analysieren, um die Servicequalit\u00e4t zu verbessern.<\/li><li>Die Erstellung eines Profils, den Beitritt zu Laufclubs, die Teilnahme an Aktivit\u00e4ten, die Anzeige von Trainingsstatistiken sowie die Kommunikation mit anderen Nutzern zu erm\u00f6glichen.<\/li><li>Die App entsprechend den Pr\u00e4ferenzen des Nutzers zu personalisieren und relevante Inhalte anzuzeigen.<\/li><li>Kontobezogene Benachrichtigungen zu senden.<\/li><li>Die Nutzung der App zu analysieren und ihre Funktionen und Services zu verbessern.<\/li><li>Veranstaltungen, Clubs oder L\u00e4ufer in der N\u00e4he des Nutzerstandorts mittels Geolokalisierung anzuzeigen.<\/li><li>Neue Funktionen und Services auf Grundlage der Anfragen und Interessen des Nutzers zu entwickeln oder anzubieten.<\/li><\/ul><p><strong>\u00a0<\/strong><\/p><p><span style=\"color: #ffffff;\"><strong style=\"font-family: var( --e-global-typography-text-font-family ), Sans-serif; font-size: var( --e-global-typography-text-font-size );\">Vom Nutzer bereitgestellte Informationen<\/strong><\/span><\/p><p>Der Nutzer kann bei der Nutzung der Services freiwillig bestimmte Informationen bereitstellen, einschlie\u00dflich:<\/p><ul><li>Kontoerstellung: E-Mail-Adresse, Geburtsdatum und Geschlecht sowie weitere grundlegende Angaben, die f\u00fcr den Zugriff auf die Funktionen von Buddy Pacer erforderlich sind.<\/li><li>Geolokalisierungsdaten: Mit Einwilligung des Nutzers kann sein Standort genutzt werden, um Clubs und L\u00e4ufer anzuzeigen und sportliche Treffen zu erleichtern.<\/li><li>Profilinformationen: zus\u00e4tzliche Angaben wie Biografie, Alter, Bewertungen anderer Nutzer und Profilfoto (f\u00fcr das ggf. Zugriff auf Kamera oder Galerie des Nutzers erforderlich ist).<\/li><li>Zahlungen: Wenn der Nutzer kostenpflichtige Services abonniert oder K\u00e4ufe \u00fcber Buddy Pacer t\u00e4tigt, werden Zahlungsinformationen (z. B. Kredit-\/Debitkartendaten) \u00fcber Zahlungsdienstleister erhoben.<\/li><li>Teilnahme an Umfragen und Marktforschung: Meinungen, Antworten auf Frageb\u00f6gen oder Empfehlungen \u00fcber Umfragen, Fokusgruppen oder Marktforschungsstudien.<\/li><li>Synchronisierung von Kontakten: Optional k\u00f6nnen Kontakte vom Mobiltelefon oder aus sozialen Netzwerken synchronisiert werden, um m\u00f6gliche Verbindungen zu erkennen und Interaktionen zu erleichtern.<\/li><li>Verbindung mit Ger\u00e4ten: Informationen von verbundenen Ger\u00e4ten, z. B. Garmin-Uhren, um mit den Services zu interagieren.<\/li><li>Aktionen und Events: Informationen, die f\u00fcr die Anmeldung oder Teilnahme an Aktionen, Events oder Gewinnspielen bereitgestellt werden.<\/li><li>Kundensupport: Angaben, die bei der Kommunikation mit dem Support-Team geteilt werden.<\/li><\/ul><p><strong>\u00a0<\/strong><\/p><p><strong>Von Dritten erhaltene Informationen<\/strong><\/p><p>Zus\u00e4tzlich zu den vom Nutzer direkt bereitgestellten Informationen k\u00f6nnen Daten von Dritten erhalten werden, wie zum Beispiel:<\/p><ul><li>Andere Nutzer: die Informationen \u00fcber den Nutzer teilen k\u00f6nnen, entweder durch Interaktionen oder Meldungen.<\/li><li>Laufclubs: die im Rahmen von Interaktionen oder Meldungen relevante Informationen \u00fcber den Nutzer bereitstellen k\u00f6nnen.<\/li><li>Soziale Netzwerke: Daten, die \u00fcber soziale Netzwerke geteilt werden, z. B. Registrierung oder Login \u00fcber Plattformen wie Facebook, Strava, Garmin Connect, Google oder Apple, sowie das Hochladen von Fotos aus sozialen Netzwerken (z. B. Instagram).<\/li><\/ul><p><strong>\u00a0<\/strong><\/p><p><strong>Informationen, die bei der Nutzung der Services erhoben werden<\/strong><\/p><p>Bei der Nutzung der Services werden technische Daten \u00fcber die genutzten Funktionen, die Art ihrer Nutzung und die Ger\u00e4te, mit denen auf die Services zugegriffen wird, erhoben. Dazu geh\u00f6ren:<\/p><ul><li>Datos de uso: informaci\u00f3n relativa a la interacci\u00f3n con los Servicios (por ejemplo, tiempos de inicio de sesi\u00f3n, funciones accedidas, acciones realizadas, informaci\u00f3n visualizada, sitios de referencia o anuncios en los que se haya hecho clic), as\u00ed como interacciones con otros Usuarios (conexiones, interacciones, mensajes enviados y recibidos).<\/li><li>Ger\u00e4teinformationen: Details zu den verwendeten Ger\u00e4ten, wie IP-Adresse, Ger\u00e4tekennung und Ger\u00e4tetyp, App-Einstellungen, Werbe-IDs sowie Cookies oder \u00e4hnliche Technologien.<\/li><li>Geolokalisierung (mit Einwilligung): genaue Standortdaten (Breiten- und L\u00e4ngengrad), auch im Hintergrund, sofern die Berechtigung erteilt wurde. Ohne Einwilligung des Nutzers werden diese Daten nicht erhoben.<\/li><li>Fotos und Videos (mit Einwilligung): Erhebung von Fotos oder Videos f\u00fcr Ver\u00f6ffentlichungen oder zur Teilnahme an Live-Streaming-Funktionen, sofern die entsprechende Berechtigung erteilt wurde.<\/li><\/ul><div>\u00a0<\/div><p><span style=\"color: #ffffff;\"><strong style=\"background-color: transparent; font-family: var( --e-global-typography-text-font-family ), Sans-serif;\">Wie Informationen weitergegeben werden<\/strong><\/span><\/p><p>Ziel ist es, sinnvolle Verbindungen zu erm\u00f6glichen und den bestm\u00f6glichen Service bereitzustellen. Die wichtigsten Empf\u00e4nger, mit denen Informationen geteilt werden, sind andere Nutzer. Dar\u00fcber hinaus werden Informationen mit Dienstleistern und Partnern geteilt, die bei der Bereitstellung und Verwaltung der Services f\u00fcr bestimmte Zwecke unterst\u00fctzen, wie nachstehend beschrieben, und in bestimmten F\u00e4llen mit gesetzlichen Beh\u00f6rden oder Strafverfolgungsbeh\u00f6rden.<\/p><p>\u00a0<\/p><p>Weder personenbezogene Informationen noch aggregierte Daten werden zu gewerblichen Zwecken verkauft. Personenbezogene Informationen k\u00f6nnen gem\u00e4\u00df den Pr\u00e4ferenzen des Nutzers geteilt werden, wenn dies f\u00fcr die Gesch\u00e4ftsabwicklung und die Bereitstellung der Services erforderlich ist, sowie wenn dies aus rechtlichen Gr\u00fcnden verlangt wird.<\/p><p>\u00a0<\/p><p><strong>Dauer der Datenspeicherung<\/strong><\/p><p>Buddy Pacer speichert personenbezogene Daten des Nutzers, solange das Konto aktiv ist, und bis zu 12 Monate nach der L\u00f6schung, sofern nicht aufgrund gesetzlicher Verpflichtungen eine l\u00e4ngere Aufbewahrungsfrist erforderlich ist.<\/p><p>\u00a0<\/p><p>Wenn ein Nutzer die L\u00f6schung seines Kontos beantragt, werden seine Daten innerhalb von maximal 30 Tagen gel\u00f6scht, ausgenommen Informationen, die wir aus rechtlichen oder sicherheitsrelevanten Gr\u00fcnden aufbewahren m\u00fcssen.<\/p><p>\u00a0<\/p><p><strong>Grenz\u00fcberschreitende Daten\u00fcbermittlungen<\/strong><\/p><p>Der Austausch von Informationen beinhaltet die \u00dcbermittlung von Daten in die Vereinigten Staaten und andere Rechtsordnungen, die m\u00f6glicherweise andere Vorschriften zur Datenverarbeitung haben. Werden personenbezogene Informationen au\u00dferhalb der EU, des Vereinigten K\u00f6nigreichs, der Schweiz oder anderer L\u00e4nder mit als angemessen geltenden Datenschutzgesetzen \u00fcbertragen, werden Standardvertragsklauseln oder andere geeignete \u00dcbermittlungsmechanismen eingesetzt.<\/p><p>\u00a0<\/p><p><strong>Rechte des Nutzers in Bezug auf seine personenbezogenen Daten<\/strong><\/p><p>Los Usuarios de Buddy Pacer cuentan con los siguientes derechos en relaci\u00f3n con sus datos personales:<\/p><ul><li>Auskunft: Zugang zu den gespeicherten personenbezogenen Informationen anfordern.<\/li><li>Berichtigung: Unrichtige oder unvollst\u00e4ndige personenbezogene Daten \u00e4ndern oder aktualisieren.<\/li><li>L\u00f6schung: Die L\u00f6schung personenbezogener Daten verlangen, vorbehaltlich gesetzlicher Einschr\u00e4nkungen.<\/li><li>Einschr\u00e4nkung der Verarbeitung: Die Einschr\u00e4nkung der Nutzung personenbezogener Daten unter bestimmten Umst\u00e4nden verlangen.<\/li><li>Daten\u00fcbertragbarkeit: In einigen F\u00e4llen die \u00dcbertragung der Daten an einen anderen Dienstanbieter verlangen.<\/li><\/ul><p>\u00a0<\/p><p>Um die Sicherheit des Nutzers und anderer Mitglieder zu gew\u00e4hrleisten, kann vor der Bearbeitung einer Anfrage eine Identit\u00e4tspr\u00fcfung oder eine Berechtigung erforderlich sein, im Namen eines Dritten zu handeln. Zur Aus\u00fcbung dieser Rechte wird empfohlen, Buddy Pacer \u00fcber die am Ende dieser Datenschutzerkl\u00e4rung angegebenen Kontaktinformationen zu kontaktieren.<\/p><p>\u00a0<\/p><p><strong>Cookies und \u00e4hnliche Technologien<\/strong><\/p><p>Cookies und \u00e4hnliche Technologien werden eingesetzt, um die App-Erfahrung zu verbessern, die Nutzung zu analysieren und angezeigte Inhalte zu personalisieren. Cookie-Einstellungen k\u00f6nnen \u00fcber die App- oder Browser-Einstellungen verwaltet werden.<\/p><p>\u00a0<\/p><p><strong>\u00c4nderungen dieser Datenschutzerkl\u00e4rung<\/strong><\/p><p>Buddy Pacer beh\u00e4lt sich das Recht vor, diese Datenschutzerkl\u00e4rung jederzeit zu aktualisieren. \u00c4nderungen werden auf dieser Seite ver\u00f6ffentlicht und treten unmittelbar nach der Ver\u00f6ffentlichung in Kraft. Es wird empfohlen, diese Seite regelm\u00e4\u00dfig zu \u00fcberpr\u00fcfen, um \u00fcber m\u00f6gliche Aktualisierungen informiert zu bleiben. Wesentliche \u00c4nderungen werden au\u00dferdem \u00fcber die \u00fcblichen Kommunikationskan\u00e4le mitgeteilt.<\/p><p>\u00a0<\/p><p><strong>Kontakt<\/strong><\/p><p>Bei Fragen oder Anliegen zu dieser Datenschutzerkl\u00e4rung sowie zur Aus\u00fcbung der Rechte in Bezug auf personenbezogene Daten k\u00f6nnen Sie uns kontaktieren \u00fcber:<\/p><p>E-mail : admin@buddypacer.com<\/p><p><!-- \/wp:heading --><\/p>\t\t\t\t\t\t\t\t<\/div>\n\t\t\t\t<\/div>\n\t\t\t\t\t<\/div>\n\t\t<\/div>\n\t\t\t\t\t<\/div>\n\t\t<\/section>\n\t\t\t\t<\/div>","protected":false},"excerpt":{"rendered":"<p>Pol\u00edtica de privacidad Al utilizar la aplicaci\u00f3n m\u00f3vil de Buddy Pacer, los sitios web y otros Servicios digitales (como concursos o encuestas) (colectivamente referidos como los \u00abServicios\u00bb), se recopila cierta informaci\u00f3n del Usuario. Asimismo, a trav\u00e9s de la aplicaci\u00f3n o el sitio web de Buddy Pacer, es posible compartir informaci\u00f3n con otros Usuarios, tales como [&hellip;]<\/p>\n","protected":false},"author":1,"featured_media":0,"parent":0,"menu_order":0,"comment_status":"closed","ping_status":"closed","template":"elementor_header_footer","meta":{"inline_featured_image":false,"footnotes":""},"class_list":["post-3","page","type-page","status-publish","hentry"],"yoast_head":"<!-- This site is optimized with the Yoast SEO Premium plugin v26.3 (Yoast SEO v27.0) - https:\/\/yoast.com\/product\/yoast-seo-premium-wordpress\/ -->\n<title>Pol\u00edtica de privacidad - Buddy Pacer<\/title>\n<meta name=\"robots\" content=\"index, follow, max-snippet:-1, max-image-preview:large, max-video-preview:-1\" \/>\n<link rel=\"canonical\" href=\"https:\/\/buddypacer.com\/de\/datenschutzrichtlinie\/\" \/>\n<meta property=\"og:locale\" content=\"de_DE\" \/>\n<meta property=\"og:type\" content=\"article\" \/>\n<meta property=\"og:title\" content=\"Pol\u00edtica de privacidad\" \/>\n<meta property=\"og:description\" content=\"Pol\u00edtica de privacidad Al utilizar la aplicaci\u00f3n m\u00f3vil de Buddy Pacer, los sitios web y otros Servicios digitales (como concursos o encuestas) (colectivamente referidos como los \u00abServicios\u00bb), se recopila cierta informaci\u00f3n del Usuario. Asimismo, a trav\u00e9s de la aplicaci\u00f3n o el sitio web de Buddy Pacer, es posible compartir informaci\u00f3n con otros Usuarios, tales como [&hellip;]\" \/>\n<meta property=\"og:url\" content=\"https:\/\/buddypacer.com\/de\/datenschutzrichtlinie\/\" \/>\n<meta property=\"og:site_name\" content=\"Buddy Pacer\" \/>\n<meta property=\"article:modified_time\" content=\"2025-10-13T09:20:02+00:00\" \/>\n<meta name=\"twitter:card\" content=\"summary_large_image\" \/>\n<meta name=\"twitter:label1\" content=\"Gesch\u00e4tzte Lesezeit\" \/>\n\t<meta name=\"twitter:data1\" content=\"7\u00a0Minuten\" \/>\n<script type=\"application\/ld+json\" class=\"yoast-schema-graph\">{\"@context\":\"https:\/\/schema.org\",\"@graph\":[{\"@type\":\"WebPage\",\"@id\":\"https:\/\/buddypacer.com\/politica-de-privacidad\/\",\"url\":\"https:\/\/buddypacer.com\/politica-de-privacidad\/\",\"name\":\"Pol\u00edtica de privacidad - Buddy Pacer\",\"isPartOf\":{\"@id\":\"https:\/\/buddypacer.com\/#website\"},\"datePublished\":\"2025-03-07T16:30:04+00:00\",\"dateModified\":\"2025-10-13T09:20:02+00:00\",\"breadcrumb\":{\"@id\":\"https:\/\/buddypacer.com\/politica-de-privacidad\/#breadcrumb\"},\"inLanguage\":\"de\",\"potentialAction\":[{\"@type\":\"ReadAction\",\"target\":[\"https:\/\/buddypacer.com\/politica-de-privacidad\/\"]}]},{\"@type\":\"BreadcrumbList\",\"@id\":\"https:\/\/buddypacer.com\/politica-de-privacidad\/#breadcrumb\",\"itemListElement\":[{\"@type\":\"ListItem\",\"position\":1,\"name\":\"Portada\",\"item\":\"https:\/\/buddypacer.com\/\"},{\"@type\":\"ListItem\",\"position\":2,\"name\":\"Pol\u00edtica de privacidad\"}]},{\"@type\":\"WebSite\",\"@id\":\"https:\/\/buddypacer.com\/#website\",\"url\":\"https:\/\/buddypacer.com\/\",\"name\":\"BuddyPacer\",\"description\":\"Conectamos Runners\",\"publisher\":{\"@id\":\"https:\/\/buddypacer.com\/#organization\"},\"potentialAction\":[{\"@type\":\"SearchAction\",\"target\":{\"@type\":\"EntryPoint\",\"urlTemplate\":\"https:\/\/buddypacer.com\/?s={search_term_string}\"},\"query-input\":{\"@type\":\"PropertyValueSpecification\",\"valueRequired\":true,\"valueName\":\"search_term_string\"}}],\"inLanguage\":\"de\"},{\"@type\":\"Organization\",\"@id\":\"https:\/\/buddypacer.com\/#organization\",\"name\":\"BuddyPacer\",\"alternateName\":\"Conectamos Runner\",\"url\":\"https:\/\/buddypacer.com\/\",\"logo\":{\"@type\":\"ImageObject\",\"inLanguage\":\"de\",\"@id\":\"https:\/\/buddypacer.com\/#\/schema\/logo\/image\/\",\"url\":\"https:\/\/buddypacer.com\/wp-content\/uploads\/2025\/03\/Group-1.png\",\"contentUrl\":\"https:\/\/buddypacer.com\/wp-content\/uploads\/2025\/03\/Group-1.png\",\"width\":300,\"height\":103,\"caption\":\"BuddyPacer\"},\"image\":{\"@id\":\"https:\/\/buddypacer.com\/#\/schema\/logo\/image\/\"}}]}<\/script>\n<!-- \/ Yoast SEO Premium plugin. -->","yoast_head_json":{"title":"Datenschutzrichtlinie \u2013 Buddy Pacer","robots":{"index":"index","follow":"follow","max-snippet":"max-snippet:-1","max-image-preview":"max-image-preview:large","max-video-preview":"max-video-preview:-1"},"canonical":"https:\/\/buddypacer.com\/de\/datenschutzrichtlinie\/","og_locale":"de_DE","og_type":"article","og_title":"Pol\u00edtica de privacidad","og_description":"Pol\u00edtica de privacidad Al utilizar la aplicaci\u00f3n m\u00f3vil de Buddy Pacer, los sitios web y otros Servicios digitales (como concursos o encuestas) (colectivamente referidos como los \u00abServicios\u00bb), se recopila cierta informaci\u00f3n del Usuario. Asimismo, a trav\u00e9s de la aplicaci\u00f3n o el sitio web de Buddy Pacer, es posible compartir informaci\u00f3n con otros Usuarios, tales como [&hellip;]","og_url":"https:\/\/buddypacer.com\/de\/datenschutzrichtlinie\/","og_site_name":"Buddy Pacer","article_modified_time":"2025-10-13T09:20:02+00:00","twitter_card":"summary_large_image","twitter_misc":{"Gesch\u00e4tzte Lesezeit":"7\u00a0Minuten"},"schema":{"@context":"https:\/\/schema.org","@graph":[{"@type":"WebPage","@id":"https:\/\/buddypacer.com\/politica-de-privacidad\/","url":"https:\/\/buddypacer.com\/politica-de-privacidad\/","name":"Datenschutzrichtlinie \u2013 Buddy Pacer","isPartOf":{"@id":"https:\/\/buddypacer.com\/#website"},"datePublished":"2025-03-07T16:30:04+00:00","dateModified":"2025-10-13T09:20:02+00:00","breadcrumb":{"@id":"https:\/\/buddypacer.com\/politica-de-privacidad\/#breadcrumb"},"inLanguage":"de","potentialAction":[{"@type":"ReadAction","target":["https:\/\/buddypacer.com\/politica-de-privacidad\/"]}]},{"@type":"BreadcrumbList","@id":"https:\/\/buddypacer.com\/politica-de-privacidad\/#breadcrumb","itemListElement":[{"@type":"ListItem","position":1,"name":"Portada","item":"https:\/\/buddypacer.com\/"},{"@type":"ListItem","position":2,"name":"Pol\u00edtica de privacidad"}]},{"@type":"WebSite","@id":"https:\/\/buddypacer.com\/#website","url":"https:\/\/buddypacer.com\/","name":"BuddyPacer","description":"Wir verbinden L\u00e4ufer","publisher":{"@id":"https:\/\/buddypacer.com\/#organization"},"potentialAction":[{"@type":"SearchAction","target":{"@type":"EntryPoint","urlTemplate":"https:\/\/buddypacer.com\/?s={search_term_string}"},"query-input":{"@type":"PropertyValueSpecification","valueRequired":true,"valueName":"search_term_string"}}],"inLanguage":"de"},{"@type":"Organization","@id":"https:\/\/buddypacer.com\/#organization","name":"BuddyPacer","alternateName":"Conectamos Runner","url":"https:\/\/buddypacer.com\/","logo":{"@type":"ImageObject","inLanguage":"de","@id":"https:\/\/buddypacer.com\/#\/schema\/logo\/image\/","url":"https:\/\/buddypacer.com\/wp-content\/uploads\/2025\/03\/Group-1.png","contentUrl":"https:\/\/buddypacer.com\/wp-content\/uploads\/2025\/03\/Group-1.png","width":300,"height":103,"caption":"BuddyPacer"},"image":{"@id":"https:\/\/buddypacer.com\/#\/schema\/logo\/image\/"}}]}},"_links":{"self":[{"href":"https:\/\/buddypacer.com\/de\/wp-json\/wp\/v2\/pages\/3","targetHints":{"allow":["GET"]}}],"collection":[{"href":"https:\/\/buddypacer.com\/de\/wp-json\/wp\/v2\/pages"}],"about":[{"href":"https:\/\/buddypacer.com\/de\/wp-json\/wp\/v2\/types\/page"}],"author":[{"embeddable":true,"href":"https:\/\/buddypacer.com\/de\/wp-json\/wp\/v2\/users\/1"}],"replies":[{"embeddable":true,"href":"https:\/\/buddypacer.com\/de\/wp-json\/wp\/v2\/comments?post=3"}],"version-history":[{"count":29,"href":"https:\/\/buddypacer.com\/de\/wp-json\/wp\/v2\/pages\/3\/revisions"}],"predecessor-version":[{"id":4191,"href":"https:\/\/buddypacer.com\/de\/wp-json\/wp\/v2\/pages\/3\/revisions\/4191"}],"wp:attachment":[{"href":"https:\/\/buddypacer.com\/de\/wp-json\/wp\/v2\/media?parent=3"}],"curies":[{"name":"wp","href":"https:\/\/api.w.org\/{rel}","templated":true}]}}